{"id":3,"date":"2021-06-24T10:04:55","date_gmt":"2021-06-24T08:04:55","guid":{"rendered":"https:\/\/local.brelil.test:8890\/?page_id=3"},"modified":"2021-12-23T11:25:43","modified_gmt":"2021-12-23T10:25:43","slug":"privacy-policy","status":"publish","type":"page","link":"https:\/\/www.brelil.it\/it\/privacy-policy\/","title":{"rendered":"Privacy policy"},"content":{"rendered":"\r\n<p>Questa Privacy Policy \u00e8 resa ai sensi dell\u2019art. 13 del Regolamento Europeo n. 679\/2016 e si applica esclusivamente a tutti i Dati raccolti attraverso il Sito web <strong>Brelil.it. <\/strong>La presente Privacy Policy \u00e8 soggetta ad aggiornamenti che verranno pubblicati puntualmente sul Sito web. La presente Privacy Policy e la <a href=\"https:\/\/www.brelil.it\/it\/cookie-policy\/\"><strong><u>Cookie Policy<\/u><\/strong><\/a>, stabiliscono le basi sulle quali verranno elaborati i Dati personali dell\u2019Utente.<\/p>\r\n<p><strong>Titolare del Trattamento <br \/><\/strong>Il Titolare del Trattamento dei Dati raccolti da questo Sito web \u00e8 Brelil S.r.l., con sede in Via Solferino, 7 a Milano, privacypolicy@sodalisgroup.com.<br \/>Indirizzo mail del DPO: stefano.modena@assiteca.it<strong>\u00a0<\/strong><\/p>\r\n<p><strong>Modalit\u00e0 di Trattamento dei Dati Personali<br \/><\/strong>I Dati Personali forniti o acquisiti saranno oggetto di Trattamento improntato ai principi di correttezza, liceit\u00e0, trasparenza e di tutela della riservatezza ai sensi delle vigenti normative. Il Titolare tratta i Dati Personali degli Utenti adottando le opportune misure di sicurezza volte ad impedire l\u2019accesso, la divulgazione, la modifica o la distruzione non autorizzate dei Dati Personali. Il Trattamento viene effettuato mediante strumenti informatici e\/o telematici, con modalit\u00e0 organizzative e con logiche strettamente correlate alle finalit\u00e0 indicate.<\/p>\r\n<p><strong>Finalit\u00e0 del Trattamento dei Dati personali e Base giuridica <br \/><\/strong>I Dati Personali possono essere raccolti in modo autonomo dal Titolare o tramite terze parti. In questo caso i sistemi informatici e le procedure software preposte al funzionamento del presente Sito web acquisiscono alcuni Dati Personali degli Utenti, di carattere tecnico-informatico (ad es. l\u2019indirizzo IP, il tipo di browser utilizzato, il sistema operativo, il nome di dominio e gli indirizzi di siti web dai quali \u00e8 stato effettuato l\u2019accesso o l\u2019uscita, ecc.), la trasmissione dei quali \u00e8 connaturata al normale funzionamento di internet. Tali Dati potranno essere trattati al solo fine di ricavare informazioni statistiche anonime sull\u2019uso del sito e\/o per controllarne il corretto funzionamento e saranno cancellati immediatamente dopo l\u2019elaborazione.<br \/>I Dati che l\u2019Utente sceglie di fornire spontaneamente sono raccolti per consentire al Sito web di fornire i propri servizi, cos\u00ec come per le seguenti Finalit\u00e0:<br \/>a) per adempiere a qualunque tipo di obbligo contemplato e previsto dalle vigenti leggi, regolamenti, normative correlate, usi commerciali e materia tributaria\/fiscale. Questo trattamento \u00e8 obbligatorio per adempiere un obbligo legale al quale \u00e8 soggetto il Titolare del Trattamento;<br \/>b) per altre finalit\u00e0 accessorie o collegate a quelle sopra indicate e comunque rientranti nell\u2019ambito delle attivit\u00e0 del Sito web;<br \/>c) per dar seguito alle specifiche richieste rivolte al Titolare dall\u2019Utente per comunicazioni di natura informativa relative ai Servizi dello stesso Titolare, tramite messaggi di posta elettronica o compilazione del Form contatti e di altri strumenti di comunicazione quali ad esempio telefono e email. Questo trattamento \u00e8 facoltativo e basato sul consenso dell\u2019Utente, tuttavia la mancata comunicazione di uno o pi\u00f9 Dati comporter\u00e0 l&#8217;impossibilit\u00e0 di dare risposta alla richiesta di informazioni e di fruire dei servizi offerti dal Titolare;<br \/>d) per finalit\u00e0 di softspam per consentire al Titolare di inviare per e-mail all\u2019Utente comunicazioni promozionali senza necessit\u00e0 del consenso espresso e preventivo dell\u2019Utente, come previsto dall\u2019art. 130, 4 comma, Codice della Privacy, e a condizione che l\u2019utente non eserciti il diritto di opposizione; Questo trattamento \u00e8 basato sull\u2019art. 130, 4 comma, del Codice della Privacy cos\u00ec come novellato dal D.lgs. n.101 del 2018;<br \/>e) per effettuare analisi statistiche su dati aggregati e anonimi per analizzare i comportamenti, dell\u2019Utente per migliorare i prodotti e i servizi forniti dal Titolare nonch\u00e9 soddisfare le aspettative dell\u2019Utente stesso;<br \/>f) per attivit\u00e0 di profilazione a fini marketing. Questo Trattamento \u00e8 basato sul consenso liberamente espresso dall\u2019Utente.<\/p>\r\n<p><strong>Categoria di Dati Personali trattati<br \/><\/strong>Tra i Dati Personali trattati da questo Sito web, in modo autonomo o tramite terze parti, ci sono Dati Comuni quali: Cookie, Dati di utilizzo, nome, email, telefono. L&#8217;invio facoltativo, esplicito e volontario di posta elettronica tramite Modulo Contatti o per mezzo degli indirizzi indicati su questo Sito web, comporta la successiva acquisizione dell&#8217;indirizzo del mittente, necessario per rispondere alle richieste, nonch\u00e9 degli eventuali altri Dati Personali inseriti nella email. Il consenso al conferimento dei Dati da parte dell\u2019Utente \u00e8 necessario per essere inserito nei database del Titolare ed ai fini dell\u2019instaurazione e del corretto svolgimento di quanto offerto dallo stesso ai suoi Utenti, nonch\u00e9 ai terzi per l\u2019adempimento della singola attivit\u00e0 richiesta. Il mancato conferimento impedisce, pertanto, la registrazione nei database del Titolare e di ogni altra eventuale attivit\u00e0.<\/p>\r\n<p><strong>Comunicazione dei Dati<br \/><\/strong>Oltre al Titolare, in alcuni casi, potrebbero avere accesso ai Dati:<br \/>a) categorie di Incaricati a ci\u00f2 appositamente formati coinvolti nell\u2019organizzazione del Sito web (personale amministrativo, commerciale, marketing, legali, amministratori di sistema);<br \/>b) soggetti esterni (come fornitori di servizi tecnici terzi, hosting provider, societ\u00e0 informatiche, agenzie di comunicazione) nominati anche Responsabili del Trattamento da parte del Titolare ex art. 28 GDPR. L&#8217;elenco aggiornato dei Responsabili, se nominati, potr\u00e0 sempre essere richiesto al Titolare del Trattamento;<br \/>c) soggetti pubblici o privati che possono accedere ai Dati in osservanza di obblighi di legge;<br \/>d) soggetti che svolgono compiti accessori e strumentali rispetto all\u2019attivit\u00e0 del Titolare;<\/p>\r\n<p><strong>Tempi del Trattamento<br \/><\/strong>Cos\u00ec come espressamente previsto dall\u2019art. 5, co. 1, lett. e) del GDPR, i Dati sono conservati per il tempo necessario al Trattamento degli stessi in relazione allo svolgimento del servizio richiesto dall\u2019 Utente, o richiesto dalle Finalit\u00e0 descritte in questo documento e in particolare:<br \/>&#8211; I Dati raccolti per obblighi contrattuali saranno conservati per il tempo necessario all\u2019espletamento delle finalit\u00e0 suddette e secondo quanto previsto dalla legge;<br \/>&#8211; I Dati raccolti per obblighi fiscali \/amministrativi o per obblighi contrattuali saranno conservati per il tempo necessario all\u2019espletamento delle finalit\u00e0 suddette e secondo quanto previsto dalla legge;<br \/>&#8211; I Dati raccolti per Finalit\u00e0 riconducibili al legittimo interesse del Titolare saranno trattenuti sino al soddisfacimento di tale interesse; L\u2019Utente pu\u00f2 ottenere ulteriori informazioni in merito all\u2019interesse legittimo perseguito dal Titolare contattando il Titolare.<br \/>&#8211; I Dati raccolti in base al Consenso dell\u2019Utente potranno essere conservati fino a che tale Consenso non venga revocato;<br \/>I Dati possono essere conservati dal Titolare per un periodo pi\u00f9 lungo in ottemperanza a obblighi di legge o per ordine di un\u2019autorit\u00e0.<br \/>Al termine del periodo di conservazione i Dati Personali saranno cancellati e pertanto, non potranno pi\u00f9 essere esercitati i diritti di accesso, cancellazione, rettificazione e portabilit\u00e0 dei Dati<\/p>\r\n<p><strong>Cookie<br \/><\/strong>Questo Sito web utilizza i cookie. I cookie sono piccoli file di testo che possono essere utilizzati dai siti web per rendere pi\u00f9 efficiente l&#8217;esperienza per l&#8217;utente e per personalizzare contenuti e gli annunci, fornire le funzioni dei social network e analizzare il traffico. <a href=\"https:\/\/www.brelil.it\/it\/cookie-policy\/\"><strong><u>Cookie Policy<\/u><\/strong><\/a><\/p>\r\n<p><strong>Luogo del Trattamento e trasferimento dei Dati all\u2019estero <br \/><\/strong>I Dati sono trattati presso la sede operativa del Titolare. Per ulteriori informazioni si pu\u00f2 contattare il Titolare del Trattamento. I Dati potranno essere trattati da persone fisiche e\/o soggetti giuridici operanti per conto del Titolare e in forza di specifici vincoli contrattuali e aventi sede in Paesi membri UE o extra UE. Nel caso in cui i Dati vengano trasferiti al di fuori del SEE, il Titolare adotter\u00e0 ogni misura contrattuale idonea a garantire un\u2019adeguata protezione dei Dati.<\/p>\r\n<p><strong>Strumenti utilizzati per il Trattamento dei Dati Personali\u00a0 <br \/><\/strong><strong>FORM DI CONTATTO <br \/><\/strong>L\u2019Utente, compilando con i propri Dati il Form di contatto, acconsente al loro utilizzo per rispondere alle richieste di informazioni, o di qualunque altra finalit\u00e0 indicata dall&#8217;intestazione del modulo. Dati Personali raccolti mediante Form di contatto: Email, Telefono, Nome e Cognome<\/p>\r\n<p><strong>GESTIONE INDIRIZZI EMAIL <br \/><\/strong>Questi servizi consentono di gestire un database di contatti email, contatti telefonici o contatti di qualunque altro tipo, utilizzati per comunicare con l\u2019Utente. Questi servizi potrebbero inoltre consentire di raccogliere Dati relativi alla data e all\u2019ora di visualizzazione dei messaggi da parte dell&#8217;Utente.<\/p>\r\n<p><strong>REGISTRAZIONE AL SITO WEB <br \/><\/strong>Con il servizio di registrazione l\u2019Utente consente al Sito di identificarlo e di dargli accesso a servizi dedicati e ad effettuare il download di eventuali contenuti.\u00a0 I servizi di registrazione ed autenticazione non avvengono con l\u2019ausilio di terze parti.\u00a0 L\u2019utente si registra direttamente sul sito compilando il Form e fornendo i propri Dati richiesti.<\/p>\r\n<p><strong>STATISTICA <br \/><\/strong>I servizi di statistica permettono al Titolare del Trattamento esclusivamente di monitorare e analizzare i dati di traffico e servono a tener traccia del comportamento dell\u2019Utente. Questo Sito web utilizza i seguenti servizi:<\/p>\r\n<p><strong>1) Google Analytics (Google Ireland Limited)<br \/><\/strong>Google Analytics \u00e8 un servizio di analisi fornito da Google Ireland Limited. Google utilizza i Dati Personali raccolti allo scopo di tracciare ed esaminare l\u2019utilizzo di questo Sito web, compilare report e condividerli con gli altri servizi sviluppati da Google. Google potrebbe utilizzare i Dati Personali per contestualizzare e personalizzare gli annunci del proprio network pubblicitario. Google pu\u00f2 anche trasferire queste informazioni a terzi ove ci\u00f2 sia imposto dalla legge o laddove tali terzi trattino le suddette informazioni per conto di Google. In questo sito \u00e8 attiva la funzione di anonimizzazione dell\u2019indirizzo IP. L\u2019indirizzo IP trasmesso dal browser ai fini connessi a Google Analytics non verr\u00e0 incorporato ad altri dati gi\u00e0 in possesso di Google.<br \/>Al seguente link <a href=\"https:\/\/tools.google.com\/dlpage\/gaoptout?hl=it\" target=\"_blank\" rel=\"noopener\"><strong><u>https:\/\/tools.google.com\/dlpage\/gaoptout?hl=it<\/u><\/strong><\/a> \u00e8 reso disponibile da Google il componente aggiuntivo del browser per la disattivazione di Google Analytics. Dati Personali raccolti: Cookie e Dati di utilizzo. Luogo del trattamento: Irlanda \u2013 <a href=\"https:\/\/policies.google.com\/privacy?hl=it\" target=\"_blank\" rel=\"noopener\"><strong><u>Privacy Policy<\/u><\/strong><\/a><br \/><strong>2) Monitoraggio conversioni pixel di Facebook (Facebook Ireland Ltd.)<br \/><\/strong>Il monitoraggio conversioni di Facebook (pixel di Facebook) \u00e8 un servizio di statistiche fornito da Facebook. Il pixel di Facebook monitora le conversioni che possono essere attribuite alle inserzioni di Facebook. Dati Personali raccolti: Cookie; Dati di utilizzo. Luogo del trattamento: Irlanda &#8211; <strong><u><a href=\"https:\/\/www.facebook.com\/about\/privacy\/\" target=\"_blank\" rel=\"noopener\">Privacy Policy<\/a>.<\/u><\/strong><strong>\u00a0<\/strong><\/p>\r\n<p><strong>INTERAZIONE CON I SOCIAL NETWORK <br \/><\/strong>Questi servizi permettono di effettuare interazioni con i social network direttamente dalle pagine di questo Sito web. Le interazioni e le informazioni acquisite da questo Sito web sono in ogni caso soggette alle impostazioni privacy dell\u2019Utente relative ad ogni social network. Nel caso in cui sia installato un servizio di interazione con i social network, \u00e8 possibile che, anche nel caso gli Utenti non utilizzino il servizio, lo stesso raccolga dati di traffico relativi alle pagine in cui \u00e8 installato.<br \/><strong>1) Facebook (Facebook Ireland Ltd.)<br \/><\/strong>I pulsanti di Facebook sono servizi di interazione con il social network Facebook, forniti da Facebook Ireland Ltd. Dati Personali raccolti: Cookie e Dati di utilizzo. Luogo del trattamento: Irlanda \u2013 <a href=\"https:\/\/www.facebook.com\/privacy\/explanation\" target=\"_blank\" rel=\"noopener\"><strong><u>Privacy Policy<\/u><\/strong><\/a><br \/><strong>2) Instagram (Facebook Ireland Ltd.)<br \/><\/strong>I pulsanti di Instagram sono servizi di interazione con il social network Instagram, forniti da Facebook. Dati Personali raccolti: Cookie e Dati di utilizzo. Luogo del trattamento: Irlanda \u2013 <a href=\"https:\/\/help.instagram.com\/519522125107875\" target=\"_blank\" rel=\"noopener\"><strong><u>Privacy Policy<\/u><\/strong><\/a><\/p>\r\n<p><strong>REMARKETING E RETARGETING <br \/><\/strong>Questi servizi consentono a questo Sito web di comunicare, ottimizzare e servire annunci pubblicitari basati sull\u2019utilizzo passato di questo Sito web da parte dell\u2019Utente. Questa attivit\u00e0 viene effettuata tramite il tracciamento dei Dati di Utilizzo e l\u2019uso di Cookie. Questo Sito web utilizza i seguenti servizi:<br \/><strong>1) Facebook Remarketing (Facebook<\/strong> <strong>Ireland Ltd)<br \/><\/strong>Facebook Remarketing \u00e8 un servizio di Remarketing e Behavioral Targeting fornito da Facebook, che collega l\u2019attivit\u00e0 di questo Sito web con il network di advertising Facebook. Questo Sito web fa uso dello strumento Facebook Pixel al fine di misurare le conversioni. Grazie al Pixel di Facebook si possono comprendere le azioni che le persone eseguono sul Sito web. I Dati che si raccolgono possono essere utilizzati per:<br \/>&#8211; assicurarsi che le inserzioni vengano mostrate alle persone giuste;<br \/>&#8211; creare gruppi di pubblico a cui destinare le inserzioni;<br \/>&#8211; sfruttare gli ulteriori strumenti pubblicitari della piattaforma su cui si fa pubblicit\u00e0<br \/>Le informazioni rilevate sono anonime agli operatori di questo Sito e non possono essere utilizzate per individuare l\u2019identit\u00e0 di un singolo utente. Tuttavia, le informazioni vengono salvate e analizzate da Facebook, il che potrebbe ricollegare l\u2019azione a un singolo profilo e utilizzare questa informazioni a fini pubblicitari interni a Facebook, come delineato dall\u2019informativa sulla privacy di Facebook. Questo permetter\u00e0 a Facebook di mostrare inserzioni sia su Facebook che su siti terzi. Il Titolare del Sito non ha alcun controllo su come questi dati vengano utilizzati. Per maggiori informazioni su come gli utenti possano tutelare la propria privacy, rimandiamo alla informativa sulla <a href=\"https:\/\/www.facebook.com\/about\/privacy\/\" target=\"_blank\" rel=\"noopener\"><strong><u>Privacy<\/u><\/strong><\/a> di Facebook.<br \/><strong>2) Instagram Remarketing (Facebook Ireland Ltd)<br \/><\/strong>Instagram Remarketing \u00e8 un servizio di Remarketing e Behavioral Targeting fornito da Facebook, che collega l\u2019attivit\u00e0 di questo Sito web con il network di advertising Instagram. Questo Sito web fa uso dello strumento Pixel al fine di misurare le conversioni e comprendere le azioni che le persone eseguono sul Sito web. Le informazioni rilevate sono anonime agli operatori di questo Sito e non possono essere utilizzate per individuare l\u2019identit\u00e0 di un singolo utente. Tuttavia, le informazioni vengono salvate e analizzate da Facebook, il che potrebbe ricollegare l\u2019azione a un singolo profilo e utilizzare questa informazioni a fini pubblicitari interni a Facebook, come delineato dall\u2019informativa sulla privacy di Facebook. Per maggiori informazioni su come gli utenti possano tutelare la propria privacy, rimandiamo alla informativa sulla <a href=\"https:\/\/help.instagram.com\/519522125107875\" target=\"_blank\" rel=\"noopener\">Privacy<\/a> di Instagram.<\/p>\r\n<p><strong>CONTENUTI SU PIATTAFORME ESTERNE <br \/><\/strong>Questi servizi permettono di visualizzare contenuti ospitati su piattaforme esterne direttamente dalle pagine di questo Sito web e di interagire con essi.<br \/>Nel caso in cui sia installato un servizio di questo tipo, \u00e8 possibile che, anche nel caso gli Utenti non utilizzino il servizio, lo stesso raccolga Dati di traffico relativi alle pagine in cui \u00e8 installato.<br \/>Questo Sito web utilizza<br \/><strong>1) Google Maps<br \/><\/strong>Google Maps \u00e8 un servizio di visualizzazione di mappe gestito da Google che permette a questo Sito web di integrare tali contenuti all\u2019interno delle proprie pagine. Dati Personali raccolti: Cookie e Dati di utilizzo. Luogo del Trattamento: Irlanda &#8211; <a href=\"https:\/\/policies.google.com\/privacy?hl=it\" target=\"_blank\" rel=\"noopener\"><strong><u>Privacy Policy<\/u><\/strong><\/a><br \/><strong>2) Youtube (Google Ireland Limited)<br \/><\/strong>Youtube \u00e8 un servizio di visualizzazione di contenuti video gestito da Google che permette a questo Sito web di integrare tali contenuti all\u2019interno delle proprie pagine. Dati Personali raccolti: Cookie e Dati di utilizzo. Luogo del Trattamento: Irlanda \u2013 <a href=\"https:\/\/policies.google.com\/privacy?hl=it\" target=\"_blank\" rel=\"noopener\"><strong><u>Privacy Policy<\/u><\/strong><\/a><br \/><strong>3) Google Fonts <br \/><\/strong>Google Fonts \u00e8 un servizio di visualizzazione di stili di carattere fornito da Google Ireland Limited che permette a questo Sito Web di integrare tali contenuti all\u2019interno delle proprie pagine. Dati Personali raccolti: Dati di utilizzo; varie tipologie di Dati secondo quanto specificato dalla privacy policy del servizio. Luogo del trattamento: Irlanda \u2013 <a href=\"https:\/\/policies.google.com\/privacy?hl=it\" target=\"_blank\" rel=\"noopener\"><strong><u>Privacy Policy<\/u><\/strong><\/a><br \/><strong>4) Adobe Font<\/strong> (<strong>Adobe Systems Software Ireland Limited &#8211; Adobe Ireland)<br \/><\/strong>Adobe Font \u00e8 un servizio di visualizzazione di stili di carattere fornito da Adobe Systems Software Ireland Limited (Adobe Ireland) che permette a questo Sito Web di integrare tali contenuti all\u2019interno delle proprie pagine. Dati Personali raccolti: Dati di utilizzo; varie tipologie di Dati secondo quanto specificato dalla privacy policy del servizio. Luogo del trattamento: Irlanda \u2013 <a href=\"https:\/\/www.adobe.com\/it\/privacy\/policies\/adobe-fonts.html\" target=\"_blank\" rel=\"noopener\"><strong><u>Privacy Policy<\/u><\/strong><\/a><\/p>\r\n<p><strong>Esercizio dei diritti dell&#8217;interessato<br \/><\/strong>L\u2019Interessato ha diritto di esercitare le facolt\u00e0 previste agli artt. 7, 15-22 del Reg. Europeo 679\/2016.\u00a0 In particolare, ha diritto di revocare il proprio consenso in qualsiasi momento e, dietro semplice richiesta al Titolare del Trattamento, potr\u00e0 chiedere l\u2019accesso ai Dati Personali, ricevere i Dati personali forniti al Titolare e ove possibile trasmetterli ad un altro Titolare del trattamento senza impedimenti (c.d. portabilit\u00e0), ottenere l\u2019aggiornamento, la limitazione del trattamento, la rettificazione dei Dati e la cancellazione di quelli trattati in difformit\u00e0 dalla normativa vigente. Ha diritto, per motivi legittimi, di opporsi al Trattamento dei Dati Personali che lo riguardano ed al Trattamento per fini di invio di materiale pubblicitario, di vendita diretta e per il compimento di ricerche di mercato. Ha altres\u00ec diritto a proporre reclamo al Garante della Privacy quale autorit\u00e0 di controllo in materia di protezione dei dati personali. L\u2019interessato potr\u00e0 esercitare i suoi diritti contattando il Titolare a mezzo mail all\u2019indirizzo: privacypolicy@sodalisgroup.com.<\/p>\r\n<p><strong>Modifiche a questa Privacy Policy<br \/><\/strong>Il Titolare del Trattamento si riserva il diritto di apportare modifiche alla presente Privacy Policy in qualunque momento dandone pubblicit\u00e0 agli Utenti su questa pagina. Si prega dunque di consultare spesso questa pagina, prendendo come riferimento la data di ultima modifica indicata in fondo. Nel caso di mancata accettazione delle modifiche apportate alla presente Privacy Policy, l\u2019Utente \u00e8 tenuto a cessare l\u2019utilizzo di questo Sito web e pu\u00f2 richiedere al Titolare del Trattamento di rimuovere i propri Dati Personali. Salvo quanto diversamente specificato, la precedente Privacy Policy continuer\u00e0 ad applicarsi ai Dati Personali sino a quel momento raccolti. Il Titolare non e\u0300 responsabile per l\u2019aggiornamento di tutti i link visualizzabili nella presente Privacy Policy, pertanto ogni qualvolta un link non sia funzionante e\/o aggiornato, gli Utenti riconoscono ed accettano che dovranno sempre far riferimento al documento e\/o sezione dei siti internet richiamati da tale link.<\/p>\r\n<p>Privacy Policy aggiornata a dicembre 2021<\/p>\r\n","protected":false},"excerpt":{"rendered":"<p>Questa Privacy Policy \u00e8 resa ai sensi dell\u2019art. 13 del Regolamento Europeo n. 679\/2016 e si applica esclusivamente a tutti i Dati raccolti attraverso il Sito web Brelil.it. La presente Privacy Policy \u00e8 soggetta ad aggiornamenti che verranno pubblicati puntualmente sul Sito web. La presente Privacy Policy e la Cookie Policy, stabiliscono le basi sulle [&hellip;]<\/p>\n","protected":false},"author":1,"featured_media":0,"parent":0,"menu_order":0,"comment_status":"closed","ping_status":"open","template":"page-editorial.php","meta":{"footnotes":""},"class_list":["post-3","page","type-page","status-publish","hentry"],"acf":[],"_links":{"self":[{"href":"https:\/\/www.brelil.it\/it\/wp-json\/wp\/v2\/pages\/3","targetHints":{"allow":["GET"]}}],"collection":[{"href":"https:\/\/www.brelil.it\/it\/wp-json\/wp\/v2\/pages"}],"about":[{"href":"https:\/\/www.brelil.it\/it\/wp-json\/wp\/v2\/types\/page"}],"author":[{"embeddable":true,"href":"https:\/\/www.brelil.it\/it\/wp-json\/wp\/v2\/users\/1"}],"replies":[{"embeddable":true,"href":"https:\/\/www.brelil.it\/it\/wp-json\/wp\/v2\/comments?post=3"}],"version-history":[{"count":3,"href":"https:\/\/www.brelil.it\/it\/wp-json\/wp\/v2\/pages\/3\/revisions"}],"predecessor-version":[{"id":6478,"href":"https:\/\/www.brelil.it\/it\/wp-json\/wp\/v2\/pages\/3\/revisions\/6478"}],"wp:attachment":[{"href":"https:\/\/www.brelil.it\/it\/wp-json\/wp\/v2\/media?parent=3"}],"curies":[{"name":"wp","href":"https:\/\/api.w.org\/{rel}","templated":true}]}}